{"id":122,"date":"2020-01-04T09:17:41","date_gmt":"2020-01-04T09:17:41","guid":{"rendered":"https:\/\/easytdd.de\/?page_id=122"},"modified":"2020-05-17T12:14:03","modified_gmt":"2020-05-17T12:14:03","slug":"excel-wordinterface","status":"publish","type":"page","link":"https:\/\/easyvisiting.de\/?page_id=122","title":{"rendered":"Wordinterface"},"content":{"rendered":"\n<p>Das Interface an Microsoft Word dient als Schnittstelle zwischen der Datenbank der App und dem tats\u00e4chlichen Objektbericht in Word.<\/p>\n\n\n\n<h3 class=\"wp-block-heading\">Voraussetzungen f\u00fcr Word<\/h3>\n\n\n\n<ul class=\"wp-block-list\"><li>Office in einer 32-Bit Version (Die Version kann unter anderem wie folgt angezeigt werden: &#8222;Datei&#8220; -> &#8222;Konto&#8220; -> Button &#8222;Info zu xx&#8220; <br><img loading=\"lazy\" decoding=\"async\" width=\"500\" height=\"35\" class=\"wp-image-183\" style=\"width: 500px;\" src=\"https:\/\/easyvisiting.de\/wp-content\/uploads\/2020\/05\/image-2.png\" alt=\"\" srcset=\"https:\/\/easyvisiting.de\/wp-content\/uploads\/2020\/05\/image-2.png 483w, https:\/\/easyvisiting.de\/wp-content\/uploads\/2020\/05\/image-2-300x21.png 300w\" sizes=\"auto, (max-width: 500px) 100vw, 500px\" \/><\/li><li>easyVISIT-Objektbericht-Vx.y (Word-Vorlage mit Makros [.dotm] in der jeweils aktuellsten Version)<\/li><li>Der sqliteodbc-Treiber f\u00fcr 32-Bit Systeme muss installiert sein (Hierbei ist nicht entscheidend, ob das Betriebssystem ein 64-Bit Betriebssystem ist)<\/li><\/ul>\n\n\n\n<h3 class=\"wp-block-heading\">Empfehlung<\/h3>\n\n\n\n<ul class=\"wp-block-list\"><li>Nutzung eines Clouddienstes, der die Bilddateien und den Export der Datenbank der easyVISIT synchronisiert (bspw. Microsoft One Drive). Bei Nutzung dieser M\u00f6glichkeit, werden die Bilder noch w\u00e4hrend der Begehung zur Verf\u00fcgung gestellt und ein schnellerer Ablauf der Fertigstellung des Objektbegehungsberichtes ist m\u00f6glich.<\/li><\/ul>\n\n\n\n<h3 class=\"wp-block-heading\">easyVISIT Button in Wort<\/h3>\n\n\n\n<p>Nach dem \u00d6ffnen der Objektberichtsdatei und der Best\u00e4tigung, das Makros ausgef\u00fchrt werden d\u00fcrfen, erscheint im Word ein weiterer Men\u00fcpunkt.<br><\/p>\n\n\n\n<figure class=\"wp-block-image size-large\"><img loading=\"lazy\" decoding=\"async\" width=\"362\" height=\"158\" src=\"https:\/\/easyvisiting.de\/wp-content\/uploads\/2020\/05\/image-3.png\" alt=\"\" class=\"wp-image-186\" srcset=\"https:\/\/easyvisiting.de\/wp-content\/uploads\/2020\/05\/image-3.png 362w, https:\/\/easyvisiting.de\/wp-content\/uploads\/2020\/05\/image-3-300x131.png 300w\" sizes=\"auto, (max-width: 362px) 100vw, 362px\" \/><\/figure>\n\n\n\n<p>Durch bet\u00e4tigen des Buttons &#8222;Bericht erstellen&#8220; erscheint die Abfrage, an welchem Ort sich die Bilder und die Datenbank befinden.<\/p>\n\n\n\n<h3 class=\"wp-block-heading\">Durchf\u00fchrung<\/h3>\n\n\n\n<ol class=\"wp-block-list\"><li>Die Datenbank muss exportiert sein. Falls noch geschehen, erfolgt dies \u00fcber die erste Bildschirmseite in der App \u00fcber den Men\u00fcpunkt &#8222;Datenbank Export&#8220;.<br><img loading=\"lazy\" decoding=\"async\" width=\"150\" height=\"252\" class=\"wp-image-187\" style=\"width: 150px;\" src=\"https:\/\/easyvisiting.de\/wp-content\/uploads\/2020\/05\/image-4.png\" alt=\"\" srcset=\"https:\/\/easyvisiting.de\/wp-content\/uploads\/2020\/05\/image-4.png 419w, https:\/\/easyvisiting.de\/wp-content\/uploads\/2020\/05\/image-4-179x300.png 179w\" sizes=\"auto, (max-width: 150px) 100vw, 150px\" \/><\/li><li>\u00d6ffnen des Word-Interface durch Doppelklick auf die Interfacedatei.<\/li><li>Best\u00e4tigung, das Makros ausgef\u00fchrt werden d\u00fcrfen.<\/li><li>Auf den Button &#8222;Bericht erstellen&#8220; klicken.<\/li><li>\u00dcber den Button &#8222;DB \u00f6ffnen&#8220; die Pfad zu den Bildern w\u00e4hlen.<br><img loading=\"lazy\" decoding=\"async\" width=\"600\" height=\"434\" class=\"wp-image-189\" style=\"width: 600px;\" src=\"https:\/\/easyvisiting.de\/wp-content\/uploads\/2020\/05\/image-6.png\" alt=\"\" srcset=\"https:\/\/easyvisiting.de\/wp-content\/uploads\/2020\/05\/image-6.png 516w, https:\/\/easyvisiting.de\/wp-content\/uploads\/2020\/05\/image-6-300x217.png 300w\" sizes=\"auto, (max-width: 600px) 100vw, 600px\" \/><\/li><li>\u00dcber den Button &#8222;Liegenschaft aufrufen&#8220; die Liegenschaft, f\u00fcr die der Objektbericht erstellt werden, w\u00e4hlen.<br><img loading=\"lazy\" decoding=\"async\" width=\"600\" height=\"195\" class=\"wp-image-190\" style=\"width: 600px;\" src=\"https:\/\/easyvisiting.de\/wp-content\/uploads\/2020\/05\/image-7.png\" alt=\"\" srcset=\"https:\/\/easyvisiting.de\/wp-content\/uploads\/2020\/05\/image-7.png 480w, https:\/\/easyvisiting.de\/wp-content\/uploads\/2020\/05\/image-7-300x98.png 300w\" sizes=\"auto, (max-width: 600px) 100vw, 600px\" \/><\/li><li>Die Liegenschaft ausw\u00e4hlen, die \u00fcbertragen werden soll und den Vorgang zum \u00dcbertrag best\u00e4tigen.<\/li><\/ol>\n","protected":false},"excerpt":{"rendered":"<p>Das Interface an Microsoft Word dient als Schnittstelle zwischen der Datenbank der App und dem tats\u00e4chlichen Objektbericht in Word. Voraussetzungen f\u00fcr Word Office in einer 32-Bit Version (Die Version kann unter anderem wie folgt angezeigt werden: &#8222;Datei&#8220; -> &#8222;Konto&#8220; -> Button &#8222;Info zu xx&#8220; easyVISIT-Objektbericht-Vx.y (Word-Vorlage mit Makros [.dotm] in der jeweils aktuellsten Version)Der sqliteodbc-Treiber f\u00fcr 32-Bit Systeme muss installiert [&hellip;]<\/p>\n","protected":false},"author":2,"featured_media":0,"parent":0,"menu_order":0,"comment_status":"closed","ping_status":"closed","template":"","meta":{"footnotes":""},"class_list":["post-122","page","type-page","status-publish","hentry"],"_links":{"self":[{"href":"https:\/\/easyvisiting.de\/index.php?rest_route=\/wp\/v2\/pages\/122","targetHints":{"allow":["GET"]}}],"collection":[{"href":"https:\/\/easyvisiting.de\/index.php?rest_route=\/wp\/v2\/pages"}],"about":[{"href":"https:\/\/easyvisiting.de\/index.php?rest_route=\/wp\/v2\/types\/page"}],"author":[{"embeddable":true,"href":"https:\/\/easyvisiting.de\/index.php?rest_route=\/wp\/v2\/users\/2"}],"replies":[{"embeddable":true,"href":"https:\/\/easyvisiting.de\/index.php?rest_route=%2Fwp%2Fv2%2Fcomments&post=122"}],"version-history":[{"count":1,"href":"https:\/\/easyvisiting.de\/index.php?rest_route=\/wp\/v2\/pages\/122\/revisions"}],"predecessor-version":[{"id":191,"href":"https:\/\/easyvisiting.de\/index.php?rest_route=\/wp\/v2\/pages\/122\/revisions\/191"}],"wp:attachment":[{"href":"https:\/\/easyvisiting.de\/index.php?rest_route=%2Fwp%2Fv2%2Fmedia&parent=122"}],"curies":[{"name":"wp","href":"https:\/\/api.w.org\/{rel}","templated":true}]}}