{"id":147,"date":"2020-05-08T16:15:42","date_gmt":"2020-05-08T16:15:42","guid":{"rendered":"https:\/\/easytdd.de\/?page_id=13"},"modified":"2020-05-23T15:42:05","modified_gmt":"2020-05-23T15:42:05","slug":"startseite","status":"publish","type":"page","link":"https:\/\/easyvisiting.de\/","title":{"rendered":"Startseite"},"content":{"rendered":"\n<p>Die Android-App easyVISITing dient der schnellen und \u00fcbersichtlichen Erfassung von Daten w\u00e4hrend einer Besichtigung einer verwalteten Liegenschaft.<\/p>\n\n\n\n<p>Nach Abschluss des Besuchs der Liegenschaft, kann mittels eines VBA-Skripts (Visual Basic for Application) der Objektbericht direkt in einem Worddokument erstellt und verteilt werden.<\/p>\n\n\n\n<p>Empfohlen wird die gleichzeitige Nutzung eines Clouddienstes, der die angefertigten Fotos w\u00e4hrend des Besuchs direkt in die Cloud hochl\u00e4dt und schlussendlich auf dem Firmen- oder Privatrechner zur Verf\u00fcgung stellt.<\/p>\n","protected":false},"excerpt":{"rendered":"<p>Die Android-App easyVISITing dient der schnellen und \u00fcbersichtlichen Erfassung von Daten w\u00e4hrend einer Besichtigung einer verwalteten Liegenschaft. Nach Abschluss des Besuchs der Liegenschaft, kann mittels eines VBA-Skripts (Visual Basic for Application) der Objektbericht direkt in einem Worddokument erstellt und verteilt werden. Empfohlen wird die gleichzeitige Nutzung eines Clouddienstes, der die angefertigten Fotos w\u00e4hrend des Besuchs direkt in die Cloud hochl\u00e4dt [&hellip;]<\/p>\n","protected":false},"author":2,"featured_media":0,"parent":0,"menu_order":0,"comment_status":"closed","ping_status":"closed","template":"","meta":{"footnotes":""},"class_list":["post-147","page","type-page","status-publish","hentry"],"_links":{"self":[{"href":"https:\/\/easyvisiting.de\/index.php?rest_route=\/wp\/v2\/pages\/147","targetHints":{"allow":["GET"]}}],"collection":[{"href":"https:\/\/easyvisiting.de\/index.php?rest_route=\/wp\/v2\/pages"}],"about":[{"href":"https:\/\/easyvisiting.de\/index.php?rest_route=\/wp\/v2\/types\/page"}],"author":[{"embeddable":true,"href":"https:\/\/easyvisiting.de\/index.php?rest_route=\/wp\/v2\/users\/2"}],"replies":[{"embeddable":true,"href":"https:\/\/easyvisiting.de\/index.php?rest_route=%2Fwp%2Fv2%2Fcomments&post=147"}],"version-history":[{"count":1,"href":"https:\/\/easyvisiting.de\/index.php?rest_route=\/wp\/v2\/pages\/147\/revisions"}],"predecessor-version":[{"id":248,"href":"https:\/\/easyvisiting.de\/index.php?rest_route=\/wp\/v2\/pages\/147\/revisions\/248"}],"wp:attachment":[{"href":"https:\/\/easyvisiting.de\/index.php?rest_route=%2Fwp%2Fv2%2Fmedia&parent=147"}],"curies":[{"name":"wp","href":"https:\/\/api.w.org\/{rel}","templated":true}]}}