{"id":44,"date":"2020-05-17T09:11:00","date_gmt":"2020-05-17T09:11:00","guid":{"rendered":"https:\/\/easytdd.de\/?page_id=44"},"modified":"2020-05-23T09:24:26","modified_gmt":"2020-05-23T09:24:26","slug":"funktionsweise-der-android-app","status":"publish","type":"page","link":"https:\/\/easyvisiting.de\/?page_id=44","title":{"rendered":"Funktionsweise der Android-App"},"content":{"rendered":"\n<p>In diesem Beitrag soll auf die Funktionsweise der App auf einem Android-Mobiltelefon eingegangen werden.<\/p>\n\n\n\n<p>Die App besteht aus 5 sogenannten Activities. Eine Activity stellt eine Bildschirmseite dar. Das folgende Schaubild zeigt in den rechteckigen K\u00e4stchen drei Bildschirmseiten, zwei weitere Bildschirmseiten sind die \u00dcbersicht \u00fcber bisher durchgef\u00fchrte Begehungen und die \u00dcbersicht \u00fcber die bisher erfassten Z\u00e4hlerst\u00e4nde.<\/p>\n\n\n\n<p>Die Rechtecke mit den abgerundeten Ecken zeigen die M\u00f6glichkeiten auf, die von der jeweiligen Bildschirmseite aus erreichbar sind.<\/p>\n\n\n\n<figure class=\"wp-block-image size-large\"><img loading=\"lazy\" decoding=\"async\" width=\"970\" height=\"440\" src=\"https:\/\/easyvisiting.de\/wp-content\/uploads\/2020\/05\/funktionsgrafik-1.png\" alt=\"funktionsgrafik\" class=\"wp-image-208\" srcset=\"https:\/\/easyvisiting.de\/wp-content\/uploads\/2020\/05\/funktionsgrafik-1.png 970w, https:\/\/easyvisiting.de\/wp-content\/uploads\/2020\/05\/funktionsgrafik-1-300x136.png 300w, https:\/\/easyvisiting.de\/wp-content\/uploads\/2020\/05\/funktionsgrafik-1-768x348.png 768w\" sizes=\"auto, (max-width: 970px) 100vw, 970px\" \/><figcaption>\u00dcbersichtsschaubild mit den einzelen Bildschirmseiten.<\/figcaption><\/figure>\n\n\n\n<h2 class=\"wp-block-heading\">Startscreen (Hauptseite)<\/h2>\n\n\n\n<p>Die Hauptseite ist das Entr\u00e9e in die App. Hier erfolgen die Basiseingaben:<\/p>\n\n\n\n<p><strong>Bearbeiter\/in<\/strong> (Textfeld)<br><strong>Datum <\/strong>der Begehung (Auswahldialog)<br><strong>Liegenschaft <\/strong>(Textfeld)<br>Anzahl <strong>wesentliche M\u00e4ngel<\/strong> (nummerische Eingabefeld)<br>Anzahl <strong>unwesentliche M\u00e4ngel<\/strong> (nummerisches Eingabefeld)<br><strong>Zustand des Objektes<\/strong> (Radiobutton mit folgenden Wertem\u00f6glichkeiten: unver\u00e4ndert, verbessert, sehr verbessert, verschlechtert, sehr verschlechtert)<br><strong>Bemerkung <\/strong>(Textfeld)<\/p>\n\n\n\n<figure class=\"wp-block-gallery columns-3 is-cropped wp-block-gallery-1 is-layout-flex wp-block-gallery-is-layout-flex\"><ul class=\"blocks-gallery-grid\"><li class=\"blocks-gallery-item\"><figure><img loading=\"lazy\" decoding=\"async\" width=\"521\" height=\"814\" src=\"https:\/\/easyvisiting.de\/wp-content\/uploads\/2020\/05\/Main_01.jpg\" alt=\"\" data-id=\"215\" data-link=\"https:\/\/easyvisiting.de\/?attachment_id=215\" class=\"wp-image-215\" srcset=\"https:\/\/easyvisiting.de\/wp-content\/uploads\/2020\/05\/Main_01.jpg 521w, https:\/\/easyvisiting.de\/wp-content\/uploads\/2020\/05\/Main_01-192x300.jpg 192w\" sizes=\"auto, (max-width: 521px) 100vw, 521px\" \/><\/figure><\/li><li class=\"blocks-gallery-item\"><figure><img loading=\"lazy\" decoding=\"async\" width=\"520\" height=\"818\" src=\"https:\/\/easyvisiting.de\/wp-content\/uploads\/2020\/05\/Main_02-1.jpg\" alt=\"\" data-id=\"222\" data-full-url=\"https:\/\/easyvisiting.de\/wp-content\/uploads\/2020\/05\/Main_02-1.jpg\" data-link=\"https:\/\/easyvisiting.de\/?attachment_id=222\" class=\"wp-image-222\" srcset=\"https:\/\/easyvisiting.de\/wp-content\/uploads\/2020\/05\/Main_02-1.jpg 520w, https:\/\/easyvisiting.de\/wp-content\/uploads\/2020\/05\/Main_02-1-191x300.jpg 191w\" sizes=\"auto, (max-width: 520px) 100vw, 520px\" \/><\/figure><\/li><li class=\"blocks-gallery-item\"><figure><img loading=\"lazy\" decoding=\"async\" width=\"522\" height=\"819\" src=\"https:\/\/easyvisiting.de\/wp-content\/uploads\/2020\/05\/Main_03.jpg\" alt=\"\" data-id=\"217\" data-link=\"https:\/\/easyvisiting.de\/?attachment_id=217\" class=\"wp-image-217\" srcset=\"https:\/\/easyvisiting.de\/wp-content\/uploads\/2020\/05\/Main_03.jpg 522w, https:\/\/easyvisiting.de\/wp-content\/uploads\/2020\/05\/Main_03-191x300.jpg 191w\" sizes=\"auto, (max-width: 522px) 100vw, 522px\" \/><\/figure><\/li><\/ul><\/figure>\n\n\n\n<h2 class=\"wp-block-heading\">Benotung<\/h2>\n\n\n\n<p>Bei der Benotung werden f\u00fcr einzelne Themengebiete Noten von 1-6 (Schuldnotensystem) vergeben. Des Weiteren kann zu jedem Themengebiet eine Bemerkung erstellt werden.<br>Folgende Themengebiete sind vorgesehen:<\/p>\n\n\n\n<p>Sauberkeit\/Reinigung<br>Au\u00dfenbereich\/Vegetation<br>Abfall\/Entsorgung<br>Techn. Geb\u00e4udeausr\u00fcstung<br>Brandschutz<br>Geb\u00e4udesubstanz<br>Mieterzufriedenheit<\/p>\n\n\n\n<p>F\u00fcr den Bereich Benotung k\u00f6nnen Bilder zur besseren Dokumentation angefertigt werden.<\/p>\n\n\n\n<p>Falls eine Note gel\u00f6scht werden muss, erfolgt dies mittels langem Klick auf das Themengebiet.<\/p>\n\n\n\n<figure class=\"wp-block-gallery columns-2 is-cropped wp-block-gallery-2 is-layout-flex wp-block-gallery-is-layout-flex\"><ul class=\"blocks-gallery-grid\"><li class=\"blocks-gallery-item\"><figure><img loading=\"lazy\" decoding=\"async\" width=\"515\" height=\"738\" src=\"https:\/\/easyvisiting.de\/wp-content\/uploads\/2020\/05\/Benotung_1.jpg\" alt=\"\" data-id=\"220\" data-full-url=\"https:\/\/easyvisiting.de\/wp-content\/uploads\/2020\/05\/Benotung_1.jpg\" data-link=\"https:\/\/easyvisiting.de\/?attachment_id=220\" class=\"wp-image-220\" srcset=\"https:\/\/easyvisiting.de\/wp-content\/uploads\/2020\/05\/Benotung_1.jpg 515w, https:\/\/easyvisiting.de\/wp-content\/uploads\/2020\/05\/Benotung_1-209x300.jpg 209w\" sizes=\"auto, (max-width: 515px) 100vw, 515px\" \/><\/figure><\/li><li class=\"blocks-gallery-item\"><figure><img loading=\"lazy\" decoding=\"async\" width=\"525\" height=\"735\" src=\"https:\/\/easyvisiting.de\/wp-content\/uploads\/2020\/05\/Benotung_2.jpg\" alt=\"\" data-id=\"221\" data-full-url=\"https:\/\/easyvisiting.de\/wp-content\/uploads\/2020\/05\/Benotung_2.jpg\" data-link=\"https:\/\/easyvisiting.de\/?attachment_id=221\" class=\"wp-image-221\" srcset=\"https:\/\/easyvisiting.de\/wp-content\/uploads\/2020\/05\/Benotung_2.jpg 525w, https:\/\/easyvisiting.de\/wp-content\/uploads\/2020\/05\/Benotung_2-214x300.jpg 214w\" sizes=\"auto, (max-width: 525px) 100vw, 525px\" \/><\/figure><\/li><\/ul><\/figure>\n\n\n\n<h2 class=\"wp-block-heading\">Z\u00e4hlerstandserfassung<\/h2>\n\n\n\n<p>Auf der Bildschirmseite Z\u00e4hlererfassung k\u00f6nnen Z\u00e4hler nach folgenden Kriterien erfasst werden:<\/p>\n\n\n\n<p>Medium<br>Standort<br>Z\u00e4hlernummer<br>Z\u00e4hlerstand<\/p>\n\n\n\n<p>\u00dcber die neun Quadrate oben rechts k\u00f6nnen bereits erfasste Z\u00e4hler angesehen und ge\u00e4ndert werden.<\/p>\n\n\n\n<figure class=\"wp-block-gallery columns-2 is-cropped wp-block-gallery-3 is-layout-flex wp-block-gallery-is-layout-flex\"><ul class=\"blocks-gallery-grid\"><li class=\"blocks-gallery-item\"><figure><img loading=\"lazy\" decoding=\"async\" width=\"519\" height=\"820\" src=\"https:\/\/easyvisiting.de\/wp-content\/uploads\/2020\/05\/Zaehler_1.jpg\" alt=\"\" data-id=\"218\" data-full-url=\"https:\/\/easyvisiting.de\/wp-content\/uploads\/2020\/05\/Zaehler_1.jpg\" data-link=\"https:\/\/easyvisiting.de\/?attachment_id=218\" class=\"wp-image-218\" srcset=\"https:\/\/easyvisiting.de\/wp-content\/uploads\/2020\/05\/Zaehler_1.jpg 519w, https:\/\/easyvisiting.de\/wp-content\/uploads\/2020\/05\/Zaehler_1-190x300.jpg 190w\" sizes=\"auto, (max-width: 519px) 100vw, 519px\" \/><\/figure><\/li><li class=\"blocks-gallery-item\"><figure><img loading=\"lazy\" decoding=\"async\" width=\"522\" height=\"819\" src=\"https:\/\/easyvisiting.de\/wp-content\/uploads\/2020\/05\/Zaehler_2.jpg\" alt=\"\" data-id=\"219\" data-full-url=\"https:\/\/easyvisiting.de\/wp-content\/uploads\/2020\/05\/Zaehler_2.jpg\" data-link=\"https:\/\/easyvisiting.de\/?attachment_id=219\" class=\"wp-image-219\" srcset=\"https:\/\/easyvisiting.de\/wp-content\/uploads\/2020\/05\/Zaehler_2.jpg 522w, https:\/\/easyvisiting.de\/wp-content\/uploads\/2020\/05\/Zaehler_2-191x300.jpg 191w\" sizes=\"auto, (max-width: 522px) 100vw, 522px\" \/><\/figure><\/li><\/ul><\/figure>\n\n\n\n<h2 class=\"wp-block-heading\">Details<\/h2>\n\n\n\n<p>Auf der Bildschirmseite Details k\u00f6nnen die Zust\u00e4nde einzelner haustechnischer Anlagen erfasst werden. Durch die Eingabe der ersten beiden Buchstaben, kommt eine Auswahl der m\u00f6glichen Anlagen. Folgende Anlagen sind in der App hinterlegt:<\/p>\n\n\n\n<p>Abscheideranlage<br>Abwasserinstallation<br>Antennenanlage<br>Argonl\u00f6schanlage<br>Aufzugsanlagen<br>Au\u00dfenbeleuchtung<br>Blitzschutzanlage<br>Brandmeldeanlage<br>Brandschott<br>Brandschutzklappen<br>Brandschutztor<br>Brandschutzt\u00fcre<br>Brandschutzt\u00fcren mit Feststellanlage<br>Brandschutzvorhang<br>CO\u00b2 L\u00f6schanlage<br>CO-Warnanlage<br>Dach<br>Druckbeh\u00e4lter<br>Druckerh\u00f6hungsanlage<br>Druckluftanlage<br>Einbruchmeldeanlage<br>Elektronische Lautsprecher Anlage<br>Fassade<br>Fenster<br>Feuerl\u00f6scher<br>Fu\u00dfwege<br>Gasversorgungsanlage<br>Gaswarnanlage<br>Geb\u00e4udefunkanlage<br>Gegensprech- Klingelanlage<br>GLT<br>Gr\u00fcnanlagen<br>Hebeanlage<br>Heizung<br>Hydraulische Trennstation<br>K\u00e4ltetechnik<br>Kanalsystem<br>Kranbahnanlage<br>Lichtkuppeln<br>L\u00f6schwasser nass<br>L\u00f6schwasser nass\/trocken<br>L\u00f6schwasser trocken<br>MSR Technik<br>M\u00fclltonnenplatz<br>Netzersatzanlage<br>NRA Anlage<br>NSHV Anlage<br>NSUV Anlage<br>Oberfl\u00e4chenwassereinlauf<br>Parkpl\u00e4tze<br>Rauchschutzt\u00fcre<br>RLT-Anlage<br>Rolltreppe<br>R\u00fcckhaltebecken<br>RWA-Anlage<br>Scherenb\u00fchne<br>Schrankenanlage<br>Sicherheitsbeleuchtung<br>Sprinkleranlage<br>Stra\u00dfenbelag<br>Tankanlage<br>Tore<br>Tore kraftbet\u00e4tigt<br>Trafo<br>Trinkwasserinstallation<br>T\u00fcren<br>T\u00fcren kraftbet\u00e4tigt<br>\u00dcberladebr\u00fccken<br>\u00dcbertragungseinheit zur Feuerwehr<br>USV<br>Verschattungsanlage<br>Video\u00fcberwachungsanlage<br>Warmwasseraufbereitungsanlage<br>Warmwasserspeicher<br>WC-Anlage<br>weitere Elektroinstallationen<br>Zutrittskontrollanlage<\/p>\n\n\n\n<p>Die Kriterien f\u00fcr eine vollst\u00e4ndige Erfassung eines Bauteils sind:<\/p>\n\n\n\n<p><strong>Sicht-. \/ Funktionskontrolle<\/strong> (Checkbox)<br>Beanstandungen vorhanden (ja\/nein &#8211; wenn die Checkbox angehakt ist, dann ja, sonst nein)<br><strong>Wartung \/ Pr\u00fcfung durchgef\u00fchrt<\/strong> (Checkbox)<br>ja (wenn die Checkbox angehakt ist, dann ja, sonst nein)<br><strong>Kurzbeschreibung des Mangels<\/strong> (Textfeld)<br>Freitextfeld f\u00fcr die Beschreibung eines eventuellen Mangels<br><strong>Priorisierung des Mangels<\/strong> (Checkbox)<br>wesentlich (wenn angehakt, dann ja, sonst unwesentlich<\/p>\n\n\n\n<h4 class=\"wp-block-heading\">Hinweis<\/h4>\n\n\n\n<p>Pro oben genanntem Bauteil ist nur eine Detailm\u00f6glichkeit vorhanden. Daher werden, wenn ein Bauteil ein weites Mal gew\u00e4hlt wird, die Felder vorausgef\u00fcllt.<br><br>Sollte ein Bauteil versehentlich gespeichert worden sein, kann dieses mit dem Papierkorbsymbol gel\u00f6scht werden.<\/p>\n\n\n\n<figure class=\"wp-block-gallery columns-3 is-cropped wp-block-gallery-4 is-layout-flex wp-block-gallery-is-layout-flex\"><ul class=\"blocks-gallery-grid\"><li class=\"blocks-gallery-item\"><figure><img loading=\"lazy\" decoding=\"async\" width=\"511\" height=\"740\" src=\"https:\/\/easyvisiting.de\/wp-content\/uploads\/2020\/05\/Detail_01.jpg\" alt=\"\" data-id=\"212\" data-full-url=\"https:\/\/easyvisiting.de\/wp-content\/uploads\/2020\/05\/Detail_01.jpg\" data-link=\"https:\/\/easyvisiting.de\/?attachment_id=212\" class=\"wp-image-212\" srcset=\"https:\/\/easyvisiting.de\/wp-content\/uploads\/2020\/05\/Detail_01.jpg 511w, https:\/\/easyvisiting.de\/wp-content\/uploads\/2020\/05\/Detail_01-207x300.jpg 207w\" sizes=\"auto, (max-width: 511px) 100vw, 511px\" \/><\/figure><\/li><li class=\"blocks-gallery-item\"><figure><img loading=\"lazy\" decoding=\"async\" width=\"522\" height=\"742\" src=\"https:\/\/easyvisiting.de\/wp-content\/uploads\/2020\/05\/Detail_02.jpg\" alt=\"\" data-id=\"213\" data-full-url=\"https:\/\/easyvisiting.de\/wp-content\/uploads\/2020\/05\/Detail_02.jpg\" data-link=\"https:\/\/easyvisiting.de\/?attachment_id=213\" class=\"wp-image-213\" srcset=\"https:\/\/easyvisiting.de\/wp-content\/uploads\/2020\/05\/Detail_02.jpg 522w, https:\/\/easyvisiting.de\/wp-content\/uploads\/2020\/05\/Detail_02-211x300.jpg 211w\" sizes=\"auto, (max-width: 522px) 100vw, 522px\" \/><\/figure><\/li><li class=\"blocks-gallery-item\"><figure><img loading=\"lazy\" decoding=\"async\" width=\"522\" height=\"733\" src=\"https:\/\/easyvisiting.de\/wp-content\/uploads\/2020\/05\/Detail_03.jpg\" alt=\"\" data-id=\"214\" data-full-url=\"https:\/\/easyvisiting.de\/wp-content\/uploads\/2020\/05\/Detail_03.jpg\" data-link=\"https:\/\/easyvisiting.de\/?attachment_id=214\" class=\"wp-image-214\" srcset=\"https:\/\/easyvisiting.de\/wp-content\/uploads\/2020\/05\/Detail_03.jpg 522w, https:\/\/easyvisiting.de\/wp-content\/uploads\/2020\/05\/Detail_03-214x300.jpg 214w\" sizes=\"auto, (max-width: 522px) 100vw, 522px\" \/><\/figure><\/li><\/ul><\/figure>\n","protected":false},"excerpt":{"rendered":"<p>In diesem Beitrag soll auf die Funktionsweise der App auf einem Android-Mobiltelefon eingegangen werden. Die App besteht aus 5 sogenannten Activities. Eine Activity stellt eine Bildschirmseite dar. Das folgende Schaubild zeigt in den rechteckigen K\u00e4stchen drei Bildschirmseiten, zwei weitere Bildschirmseiten sind die \u00dcbersicht \u00fcber bisher durchgef\u00fchrte Begehungen und die \u00dcbersicht \u00fcber die bisher erfassten Z\u00e4hlerst\u00e4nde. Die Rechtecke mit den abgerundeten [&hellip;]<\/p>\n","protected":false},"author":2,"featured_media":0,"parent":0,"menu_order":0,"comment_status":"open","ping_status":"closed","template":"","meta":{"footnotes":""},"class_list":["post-44","page","type-page","status-publish","hentry"],"_links":{"self":[{"href":"https:\/\/easyvisiting.de\/index.php?rest_route=\/wp\/v2\/pages\/44","targetHints":{"allow":["GET"]}}],"collection":[{"href":"https:\/\/easyvisiting.de\/index.php?rest_route=\/wp\/v2\/pages"}],"about":[{"href":"https:\/\/easyvisiting.de\/index.php?rest_route=\/wp\/v2\/types\/page"}],"author":[{"embeddable":true,"href":"https:\/\/easyvisiting.de\/index.php?rest_route=\/wp\/v2\/users\/2"}],"replies":[{"embeddable":true,"href":"https:\/\/easyvisiting.de\/index.php?rest_route=%2Fwp%2Fv2%2Fcomments&post=44"}],"version-history":[{"count":6,"href":"https:\/\/easyvisiting.de\/index.php?rest_route=\/wp\/v2\/pages\/44\/revisions"}],"predecessor-version":[{"id":224,"href":"https:\/\/easyvisiting.de\/index.php?rest_route=\/wp\/v2\/pages\/44\/revisions\/224"}],"wp:attachment":[{"href":"https:\/\/easyvisiting.de\/index.php?rest_route=%2Fwp%2Fv2%2Fmedia&parent=44"}],"curies":[{"name":"wp","href":"https:\/\/api.w.org\/{rel}","templated":true}]}}